{"id":1833,"date":"2021-07-29T23:00:33","date_gmt":"2021-07-29T21:00:33","guid":{"rendered":"https:\/\/ladymoon.pl\/?page_id=1833"},"modified":"2021-08-06T03:25:34","modified_gmt":"2021-08-06T01:25:34","slug":"zapomniane-nekropolie-podl-blakaly","status":"publish","type":"page","link":"https:\/\/ladymoon.pl\/index.php\/zapomniane-nekropolie-podl-blakaly\/","title":{"rendered":"Zapomniane Nekropolie: B\u0142\u0105ka\u0142y"},"content":{"rendered":"\n<div class=\"wp-block-envira-envira-gallery\"><div id=\"envira-gallery-wrap-1877\" class=\"envira-gallery-wrap envira-gallery-theme-base envira-lightbox-theme-base\" itemscope itemtype=\"https:\/\/schema.org\/ImageGallery\"><div style=\"opacity: 0.0\"  data-row-height=\"150\" data-gallery-theme=\"normal\" id=\"envira-gallery-1877\" class=\"envira-gallery-public envira-gallery-justified-public envira-gallery-0-columns envira-clear enviratope envira-gallery-css-animations\" data-envira-columns=\"0\"><div id=\"envira-gallery-item-1869\" class=\"envira-gallery-item enviratope-item envira-gallery-item-1 envira-lazy-load\" style=\"padding-left: 1px; padding-bottom: 1px; padding-right: 1px;\"  itemscope itemtype=\"https:\/\/schema.org\/ImageObject\"><div class=\"envira-gallery-item-inner\"><div class=\"envira-gallery-position-overlay  envira-gallery-top-left\"><\/div><div class=\"envira-gallery-position-overlay  envira-gallery-top-right\"><\/div><div class=\"envira-gallery-position-overlay  envira-gallery-bottom-left\"><\/div><div class=\"envira-gallery-position-overlay  envira-gallery-bottom-right\"><\/div><a href=\"https:\/\/ladymoon.pl\/wp-content\/uploads\/2021\/08\/IMG_4889-1.jpg\" class=\"envira-gallery-1877 envira-gallery-link\" rel=\"enviragallery1877\" title=\"IMG_4889-1\" data-envira-caption=\"IMG_4889-1\" data-envira-retina=\"\" data-thumbnail=\"\"  itemprop=\"contentUrl\"><img id=\"envira-gallery-image-1869\" class=\"envira-gallery-image envira-gallery-image-1 envira-normal envira-lazy\" data-envira-index=\"1\" src=\"https:\/\/ladymoon.pl\/wp-content\/uploads\/2021\/08\/IMG_4889-1-640x480.jpg\" data-envira-src=\"https:\/\/ladymoon.pl\/wp-content\/uploads\/2021\/08\/IMG_4889-1-640x480.jpg\" data-envira-gallery-id=\"1877\" data-envira-item-id=\"1869\" data-envira-caption=\"IMG_4889-1\" alt=\"\" title=\"IMG_4889-1\"  itemprop=\"thumbnailUrl\" data-envira-srcset=\"https:\/\/ladymoon.pl\/wp-content\/uploads\/2021\/08\/IMG_4889-1-640x480.jpg 400w,https:\/\/ladymoon.pl\/wp-content\/uploads\/2021\/08\/IMG_4889-1-640x480.jpg 2x\" data-envira-width=\"300\" data-envira-height=\"225\" srcset=\"data:image\/gif;base64,R0lGODlhAQABAIAAAP\/\/\/\/\/\/\/yH5BAEKAAEALAAAAAABAAEAAAICTAEAOw==\" data-safe-src=\"data:image\/gif;base64,R0lGODlhAQABAIAAAP\/\/\/\/\/\/\/yH5BAEKAAEALAAAAAABAAEAAAICTAEAOw==\" \/><\/a><\/div><\/div><div id=\"envira-gallery-item-1870\" class=\"envira-gallery-item enviratope-item envira-gallery-item-2 envira-lazy-load\" style=\"padding-left: 1px; padding-bottom: 1px; padding-right: 1px;\"  itemscope itemtype=\"https:\/\/schema.org\/ImageObject\"><div class=\"envira-gallery-item-inner\"><div class=\"envira-gallery-position-overlay  envira-gallery-top-left\"><\/div><div class=\"envira-gallery-position-overlay  envira-gallery-top-right\"><\/div><div class=\"envira-gallery-position-overlay  envira-gallery-bottom-left\"><\/div><div class=\"envira-gallery-position-overlay  envira-gallery-bottom-right\"><\/div><a href=\"https:\/\/ladymoon.pl\/wp-content\/uploads\/2021\/08\/IMG_4890-1.jpg\" class=\"envira-gallery-1877 envira-gallery-link\" rel=\"enviragallery1877\" title=\"IMG_4890-1\" data-envira-caption=\"IMG_4890-1\" data-envira-retina=\"\" data-thumbnail=\"\"  itemprop=\"contentUrl\"><img id=\"envira-gallery-image-1870\" class=\"envira-gallery-image envira-gallery-image-2 envira-normal envira-lazy\" data-envira-index=\"2\" src=\"https:\/\/ladymoon.pl\/wp-content\/uploads\/2021\/08\/IMG_4890-1-640x480.jpg\" data-envira-src=\"https:\/\/ladymoon.pl\/wp-content\/uploads\/2021\/08\/IMG_4890-1-640x480.jpg\" data-envira-gallery-id=\"1877\" data-envira-item-id=\"1870\" data-envira-caption=\"IMG_4890-1\" alt=\"\" title=\"IMG_4890-1\"  itemprop=\"thumbnailUrl\" data-envira-srcset=\"https:\/\/ladymoon.pl\/wp-content\/uploads\/2021\/08\/IMG_4890-1-640x480.jpg 400w,https:\/\/ladymoon.pl\/wp-content\/uploads\/2021\/08\/IMG_4890-1-640x480.jpg 2x\" data-envira-width=\"225\" data-envira-height=\"300\" srcset=\"data:image\/gif;base64,R0lGODlhAQABAIAAAP\/\/\/\/\/\/\/yH5BAEKAAEALAAAAAABAAEAAAICTAEAOw==\" data-safe-src=\"data:image\/gif;base64,R0lGODlhAQABAIAAAP\/\/\/\/\/\/\/yH5BAEKAAEALAAAAAABAAEAAAICTAEAOw==\" \/><\/a><\/div><\/div><div id=\"envira-gallery-item-1871\" class=\"envira-gallery-item enviratope-item envira-gallery-item-3 envira-lazy-load\" style=\"padding-left: 1px; padding-bottom: 1px; padding-right: 1px;\"  itemscope itemtype=\"https:\/\/schema.org\/ImageObject\"><div class=\"envira-gallery-item-inner\"><div class=\"envira-gallery-position-overlay  envira-gallery-top-left\"><\/div><div class=\"envira-gallery-position-overlay  envira-gallery-top-right\"><\/div><div class=\"envira-gallery-position-overlay  envira-gallery-bottom-left\"><\/div><div class=\"envira-gallery-position-overlay  envira-gallery-bottom-right\"><\/div><a href=\"https:\/\/ladymoon.pl\/wp-content\/uploads\/2021\/08\/IMG_4891-1.jpg\" class=\"envira-gallery-1877 envira-gallery-link\" rel=\"enviragallery1877\" title=\"IMG_4891-1\" data-envira-caption=\"IMG_4891-1\" data-envira-retina=\"\" data-thumbnail=\"\"  itemprop=\"contentUrl\"><img id=\"envira-gallery-image-1871\" class=\"envira-gallery-image envira-gallery-image-3 envira-normal envira-lazy\" data-envira-index=\"3\" src=\"https:\/\/ladymoon.pl\/wp-content\/uploads\/2021\/08\/IMG_4891-1-640x480.jpg\" data-envira-src=\"https:\/\/ladymoon.pl\/wp-content\/uploads\/2021\/08\/IMG_4891-1-640x480.jpg\" data-envira-gallery-id=\"1877\" data-envira-item-id=\"1871\" data-envira-caption=\"IMG_4891-1\" alt=\"\" title=\"IMG_4891-1\"  itemprop=\"thumbnailUrl\" data-envira-srcset=\"https:\/\/ladymoon.pl\/wp-content\/uploads\/2021\/08\/IMG_4891-1-640x480.jpg 400w,https:\/\/ladymoon.pl\/wp-content\/uploads\/2021\/08\/IMG_4891-1-640x480.jpg 2x\" data-envira-width=\"300\" data-envira-height=\"225\" srcset=\"data:image\/gif;base64,R0lGODlhAQABAIAAAP\/\/\/\/\/\/\/yH5BAEKAAEALAAAAAABAAEAAAICTAEAOw==\" data-safe-src=\"data:image\/gif;base64,R0lGODlhAQABAIAAAP\/\/\/\/\/\/\/yH5BAEKAAEALAAAAAABAAEAAAICTAEAOw==\" \/><\/a><\/div><\/div><div id=\"envira-gallery-item-1872\" class=\"envira-gallery-item enviratope-item envira-gallery-item-4 envira-lazy-load\" style=\"padding-left: 1px; padding-bottom: 1px; padding-right: 1px;\"  itemscope itemtype=\"https:\/\/schema.org\/ImageObject\"><div class=\"envira-gallery-item-inner\"><div class=\"envira-gallery-position-overlay  envira-gallery-top-left\"><\/div><div class=\"envira-gallery-position-overlay  envira-gallery-top-right\"><\/div><div class=\"envira-gallery-position-overlay  envira-gallery-bottom-left\"><\/div><div class=\"envira-gallery-position-overlay  envira-gallery-bottom-right\"><\/div><a href=\"https:\/\/ladymoon.pl\/wp-content\/uploads\/2021\/08\/IMG_4892-1.jpg\" class=\"envira-gallery-1877 envira-gallery-link\" rel=\"enviragallery1877\" title=\"IMG_4892-1\" data-envira-caption=\"IMG_4892-1\" data-envira-retina=\"\" data-thumbnail=\"\"  itemprop=\"contentUrl\"><img id=\"envira-gallery-image-1872\" class=\"envira-gallery-image envira-gallery-image-4 envira-normal envira-lazy\" data-envira-index=\"4\" src=\"https:\/\/ladymoon.pl\/wp-content\/uploads\/2021\/08\/IMG_4892-1-640x480.jpg\" data-envira-src=\"https:\/\/ladymoon.pl\/wp-content\/uploads\/2021\/08\/IMG_4892-1-640x480.jpg\" data-envira-gallery-id=\"1877\" data-envira-item-id=\"1872\" data-envira-caption=\"IMG_4892-1\" alt=\"\" title=\"IMG_4892-1\"  itemprop=\"thumbnailUrl\" data-envira-srcset=\"https:\/\/ladymoon.pl\/wp-content\/uploads\/2021\/08\/IMG_4892-1-640x480.jpg 400w,https:\/\/ladymoon.pl\/wp-content\/uploads\/2021\/08\/IMG_4892-1-640x480.jpg 2x\" data-envira-width=\"300\" data-envira-height=\"225\" srcset=\"data:image\/gif;base64,R0lGODlhAQABAIAAAP\/\/\/\/\/\/\/yH5BAEKAAEALAAAAAABAAEAAAICTAEAOw==\" data-safe-src=\"data:image\/gif;base64,R0lGODlhAQABAIAAAP\/\/\/\/\/\/\/yH5BAEKAAEALAAAAAABAAEAAAICTAEAOw==\" \/><\/a><\/div><\/div><div id=\"envira-gallery-item-1873\" class=\"envira-gallery-item enviratope-item envira-gallery-item-5 envira-lazy-load\" style=\"padding-left: 1px; padding-bottom: 1px; padding-right: 1px;\"  itemscope itemtype=\"https:\/\/schema.org\/ImageObject\"><div class=\"envira-gallery-item-inner\"><div class=\"envira-gallery-position-overlay  envira-gallery-top-left\"><\/div><div class=\"envira-gallery-position-overlay  envira-gallery-top-right\"><\/div><div class=\"envira-gallery-position-overlay  envira-gallery-bottom-left\"><\/div><div class=\"envira-gallery-position-overlay  envira-gallery-bottom-right\"><\/div><a href=\"https:\/\/ladymoon.pl\/wp-content\/uploads\/2021\/08\/IMG_4893-1.jpg\" class=\"envira-gallery-1877 envira-gallery-link\" rel=\"enviragallery1877\" title=\"IMG_4893-1\" data-envira-caption=\"IMG_4893-1\" data-envira-retina=\"\" data-thumbnail=\"\"  itemprop=\"contentUrl\"><img id=\"envira-gallery-image-1873\" class=\"envira-gallery-image envira-gallery-image-5 envira-normal envira-lazy\" data-envira-index=\"5\" src=\"https:\/\/ladymoon.pl\/wp-content\/uploads\/2021\/08\/IMG_4893-1-640x480.jpg\" data-envira-src=\"https:\/\/ladymoon.pl\/wp-content\/uploads\/2021\/08\/IMG_4893-1-640x480.jpg\" data-envira-gallery-id=\"1877\" data-envira-item-id=\"1873\" data-envira-caption=\"IMG_4893-1\" alt=\"\" title=\"IMG_4893-1\"  itemprop=\"thumbnailUrl\" data-envira-srcset=\"https:\/\/ladymoon.pl\/wp-content\/uploads\/2021\/08\/IMG_4893-1-640x480.jpg 400w,https:\/\/ladymoon.pl\/wp-content\/uploads\/2021\/08\/IMG_4893-1-640x480.jpg 2x\" data-envira-width=\"300\" data-envira-height=\"225\" srcset=\"data:image\/gif;base64,R0lGODlhAQABAIAAAP\/\/\/\/\/\/\/yH5BAEKAAEALAAAAAABAAEAAAICTAEAOw==\" data-safe-src=\"data:image\/gif;base64,R0lGODlhAQABAIAAAP\/\/\/\/\/\/\/yH5BAEKAAEALAAAAAABAAEAAAICTAEAOw==\" \/><\/a><\/div><\/div><div id=\"envira-gallery-item-1874\" class=\"envira-gallery-item enviratope-item envira-gallery-item-6 envira-lazy-load\" style=\"padding-left: 1px; padding-bottom: 1px; padding-right: 1px;\"  itemscope itemtype=\"https:\/\/schema.org\/ImageObject\"><div class=\"envira-gallery-item-inner\"><div class=\"envira-gallery-position-overlay  envira-gallery-top-left\"><\/div><div class=\"envira-gallery-position-overlay  envira-gallery-top-right\"><\/div><div class=\"envira-gallery-position-overlay  envira-gallery-bottom-left\"><\/div><div class=\"envira-gallery-position-overlay  envira-gallery-bottom-right\"><\/div><a href=\"https:\/\/ladymoon.pl\/wp-content\/uploads\/2021\/08\/IMG_4897-1.jpg\" class=\"envira-gallery-1877 envira-gallery-link\" rel=\"enviragallery1877\" title=\"IMG_4897-1\" data-envira-caption=\"IMG_4897-1\" data-envira-retina=\"\" data-thumbnail=\"\"  itemprop=\"contentUrl\"><img id=\"envira-gallery-image-1874\" class=\"envira-gallery-image envira-gallery-image-6 envira-normal envira-lazy\" data-envira-index=\"6\" src=\"https:\/\/ladymoon.pl\/wp-content\/uploads\/2021\/08\/IMG_4897-1-640x480.jpg\" data-envira-src=\"https:\/\/ladymoon.pl\/wp-content\/uploads\/2021\/08\/IMG_4897-1-640x480.jpg\" data-envira-gallery-id=\"1877\" data-envira-item-id=\"1874\" data-envira-caption=\"IMG_4897-1\" alt=\"\" title=\"IMG_4897-1\"  itemprop=\"thumbnailUrl\" data-envira-srcset=\"https:\/\/ladymoon.pl\/wp-content\/uploads\/2021\/08\/IMG_4897-1-640x480.jpg 400w,https:\/\/ladymoon.pl\/wp-content\/uploads\/2021\/08\/IMG_4897-1-640x480.jpg 2x\" data-envira-width=\"300\" data-envira-height=\"225\" srcset=\"data:image\/gif;base64,R0lGODlhAQABAIAAAP\/\/\/\/\/\/\/yH5BAEKAAEALAAAAAABAAEAAAICTAEAOw==\" data-safe-src=\"data:image\/gif;base64,R0lGODlhAQABAIAAAP\/\/\/\/\/\/\/yH5BAEKAAEALAAAAAABAAEAAAICTAEAOw==\" \/><\/a><\/div><\/div><div id=\"envira-gallery-item-1875\" class=\"envira-gallery-item enviratope-item envira-gallery-item-7 envira-lazy-load\" style=\"padding-left: 1px; padding-bottom: 1px; padding-right: 1px;\"  itemscope itemtype=\"https:\/\/schema.org\/ImageObject\"><div class=\"envira-gallery-item-inner\"><div class=\"envira-gallery-position-overlay  envira-gallery-top-left\"><\/div><div class=\"envira-gallery-position-overlay  envira-gallery-top-right\"><\/div><div class=\"envira-gallery-position-overlay  envira-gallery-bottom-left\"><\/div><div class=\"envira-gallery-position-overlay  envira-gallery-bottom-right\"><\/div><a href=\"https:\/\/ladymoon.pl\/wp-content\/uploads\/2021\/08\/IMG_4898-1.jpg\" class=\"envira-gallery-1877 envira-gallery-link\" rel=\"enviragallery1877\" title=\"IMG_4898-1\" data-envira-caption=\"IMG_4898-1\" data-envira-retina=\"\" data-thumbnail=\"\"  itemprop=\"contentUrl\"><img id=\"envira-gallery-image-1875\" class=\"envira-gallery-image envira-gallery-image-7 envira-normal envira-lazy\" data-envira-index=\"7\" src=\"https:\/\/ladymoon.pl\/wp-content\/uploads\/2021\/08\/IMG_4898-1-640x480.jpg\" data-envira-src=\"https:\/\/ladymoon.pl\/wp-content\/uploads\/2021\/08\/IMG_4898-1-640x480.jpg\" data-envira-gallery-id=\"1877\" data-envira-item-id=\"1875\" data-envira-caption=\"IMG_4898-1\" alt=\"\" title=\"IMG_4898-1\"  itemprop=\"thumbnailUrl\" data-envira-srcset=\"https:\/\/ladymoon.pl\/wp-content\/uploads\/2021\/08\/IMG_4898-1-640x480.jpg 400w,https:\/\/ladymoon.pl\/wp-content\/uploads\/2021\/08\/IMG_4898-1-640x480.jpg 2x\" data-envira-width=\"300\" data-envira-height=\"225\" srcset=\"data:image\/gif;base64,R0lGODlhAQABAIAAAP\/\/\/\/\/\/\/yH5BAEKAAEALAAAAAABAAEAAAICTAEAOw==\" data-safe-src=\"data:image\/gif;base64,R0lGODlhAQABAIAAAP\/\/\/\/\/\/\/yH5BAEKAAEALAAAAAABAAEAAAICTAEAOw==\" \/><\/a><\/div><\/div><div id=\"envira-gallery-item-1876\" class=\"envira-gallery-item enviratope-item envira-gallery-item-8 envira-lazy-load\" style=\"padding-left: 1px; padding-bottom: 1px; padding-right: 1px;\"  itemscope itemtype=\"https:\/\/schema.org\/ImageObject\"><div class=\"envira-gallery-item-inner\"><div class=\"envira-gallery-position-overlay  envira-gallery-top-left\"><\/div><div class=\"envira-gallery-position-overlay  envira-gallery-top-right\"><\/div><div class=\"envira-gallery-position-overlay  envira-gallery-bottom-left\"><\/div><div class=\"envira-gallery-position-overlay  envira-gallery-bottom-right\"><\/div><a href=\"https:\/\/ladymoon.pl\/wp-content\/uploads\/2021\/08\/IMG_4900-1.jpg\" class=\"envira-gallery-1877 envira-gallery-link\" rel=\"enviragallery1877\" title=\"IMG_4900-1\" data-envira-caption=\"IMG_4900-1\" data-envira-retina=\"\" data-thumbnail=\"\"  itemprop=\"contentUrl\"><img id=\"envira-gallery-image-1876\" class=\"envira-gallery-image envira-gallery-image-8 envira-normal envira-lazy\" data-envira-index=\"8\" src=\"https:\/\/ladymoon.pl\/wp-content\/uploads\/2021\/08\/IMG_4900-1-640x480.jpg\" data-envira-src=\"https:\/\/ladymoon.pl\/wp-content\/uploads\/2021\/08\/IMG_4900-1-640x480.jpg\" data-envira-gallery-id=\"1877\" data-envira-item-id=\"1876\" data-envira-caption=\"IMG_4900-1\" alt=\"\" title=\"IMG_4900-1\"  itemprop=\"thumbnailUrl\" data-envira-srcset=\"https:\/\/ladymoon.pl\/wp-content\/uploads\/2021\/08\/IMG_4900-1-640x480.jpg 400w,https:\/\/ladymoon.pl\/wp-content\/uploads\/2021\/08\/IMG_4900-1-640x480.jpg 2x\" data-envira-width=\"300\" data-envira-height=\"225\" srcset=\"data:image\/gif;base64,R0lGODlhAQABAIAAAP\/\/\/\/\/\/\/yH5BAEKAAEALAAAAAABAAEAAAICTAEAOw==\" data-safe-src=\"data:image\/gif;base64,R0lGODlhAQABAIAAAP\/\/\/\/\/\/\/yH5BAEKAAEALAAAAAABAAEAAAICTAEAOw==\" \/><\/a><\/div><\/div><\/div><\/div><noscript><img src=\"https:\/\/ladymoon.pl\/wp-content\/uploads\/2021\/08\/IMG_4889-1.jpg\" alt=\"\" \/><img src=\"https:\/\/ladymoon.pl\/wp-content\/uploads\/2021\/08\/IMG_4890-1.jpg\" alt=\"\" \/><img src=\"https:\/\/ladymoon.pl\/wp-content\/uploads\/2021\/08\/IMG_4891-1.jpg\" alt=\"\" \/><img src=\"https:\/\/ladymoon.pl\/wp-content\/uploads\/2021\/08\/IMG_4892-1.jpg\" alt=\"\" \/><img src=\"https:\/\/ladymoon.pl\/wp-content\/uploads\/2021\/08\/IMG_4893-1.jpg\" alt=\"\" \/><img src=\"https:\/\/ladymoon.pl\/wp-content\/uploads\/2021\/08\/IMG_4897-1.jpg\" alt=\"\" \/><img src=\"https:\/\/ladymoon.pl\/wp-content\/uploads\/2021\/08\/IMG_4898-1.jpg\" alt=\"\" \/><img src=\"https:\/\/ladymoon.pl\/wp-content\/uploads\/2021\/08\/IMG_4900-1.jpg\" alt=\"\" \/><\/noscript><\/div>\n","protected":false},"excerpt":{"rendered":"","protected":false},"author":3,"featured_media":0,"parent":0,"menu_order":0,"comment_status":"closed","ping_status":"closed","template":"","meta":[],"_links":{"self":[{"href":"https:\/\/ladymoon.pl\/index.php\/wp-json\/wp\/v2\/pages\/1833"}],"collection":[{"href":"https:\/\/ladymoon.pl\/index.php\/wp-json\/wp\/v2\/pages"}],"about":[{"href":"https:\/\/ladymoon.pl\/index.php\/wp-json\/wp\/v2\/types\/page"}],"author":[{"embeddable":true,"href":"https:\/\/ladymoon.pl\/index.php\/wp-json\/wp\/v2\/users\/3"}],"replies":[{"embeddable":true,"href":"https:\/\/ladymoon.pl\/index.php\/wp-json\/wp\/v2\/comments?post=1833"}],"version-history":[{"count":6,"href":"https:\/\/ladymoon.pl\/index.php\/wp-json\/wp\/v2\/pages\/1833\/revisions"}],"predecessor-version":[{"id":1878,"href":"https:\/\/ladymoon.pl\/index.php\/wp-json\/wp\/v2\/pages\/1833\/revisions\/1878"}],"wp:attachment":[{"href":"https:\/\/ladymoon.pl\/index.php\/wp-json\/wp\/v2\/media?parent=1833"}],"curies":[{"name":"wp","href":"https:\/\/api.w.org\/{rel}","templated":true}]}}